{"id":853,"date":"2023-12-09T14:44:53","date_gmt":"2023-12-09T11:44:53","guid":{"rendered":"https:\/\/city.kyiv-trend.in.ua\/?page_id=853"},"modified":"2023-12-09T14:45:44","modified_gmt":"2023-12-09T11:45:44","slug":"miejsca-bydgoszczyzny","status":"publish","type":"page","link":"https:\/\/city.kyiv-trend.in.ua\/pl\/bydgoszcz\/","title":{"rendered":"Miejsca Bydgoszczyzny"},"content":{"rendered":"\n<figure class=\"wp-block-table\"><table><tbody><tr><td>Bydgoszcz przysz\u0142o\u015bci<\/td><td><a href=\"https:\/\/wroclaw-future.eu\" target=\"_blank\" rel=\"noopener\"><\/a><a href=\"https:\/\/\" target=\"_blank\" rel=\"noreferrer noopener\">Bydgoszcz<\/a><\/td><\/tr><tr><td>Jestem Bydgoszcz<\/td><td><a href=\"https:\/\/\" target=\"_blank\" rel=\"noreferrer noopener\">Bydgoszcz<\/a><\/td><\/tr><tr><td>Bydgoszcz jest w modzie<\/td><td><a href=\"https:\/\/\" target=\"_blank\" rel=\"noreferrer noopener\">Bydgoszcz<\/a><\/td><\/tr><tr><td>Bydgoszcziski<\/td><td><a href=\"https:\/\/\" target=\"_blank\" rel=\"noreferrer noopener\">Bydgoszcz<\/a><\/td><\/tr><tr><td>One<\/td><td><a href=\"https:\/\/wroclaw.one\" target=\"_blank\" rel=\"noreferrer noopener\"><\/a><a href=\"https:\/\/\" target=\"_blank\" rel=\"noreferrer noopener\">Bydgoszcz<\/a><\/td><\/tr><tr><td>Ekologia<\/td><td><a href=\"https:\/\/\" target=\"_blank\" rel=\"noreferrer noopener\">Bydgoszcz<\/a><\/td><\/tr><tr><td>Kobieta<\/td><td><a href=\"https:\/\/\" target=\"_blank\" rel=\"noreferrer noopener\">Bydgoszcz<\/a><\/td><\/tr><tr><td>Yes Bydgoszcz<\/td><td><a href=\"https:\/\/\" target=\"_blank\" rel=\"noreferrer noopener\">Bydgoszcz<\/a><\/td><\/tr><\/tbody><\/table><\/figure>\n\n\n\n<h2 class=\"wp-block-heading\">Polska<\/h2>\n\n\n\n<p><a href=\"\/pl\/warsaw\">Warszawa<\/a>, <a href=\"\/pl\/krakow\">Krak\u00f3w<\/a>, <a href=\"\/pl\/lodz\">\u0141\u00f3d\u017a<\/a>, <a href=\"\/pl\/gdansk\">Gda\u0144sk<\/a>, <a href=\"\/pl\/wroclaw\">Wroc\u0142aw<\/a>, <a href=\"\/pl\/poznan\">Pozna\u0144<\/a>, <a href=\"\/pl\/szczecin\">Szczecin<\/a>, <a href=\"\/pl\/bydgoszcz\">Bydgoszcz<\/a>.<\/p>\n","protected":false},"excerpt":{"rendered":"<p>Bydgoszcz przysz\u0142o\u015bci Bydgoszcz Jestem Bydgoszcz Bydgoszcz Bydgoszcz jest w modzie Bydgoszcz Bydgoszcziski Bydgoszcz One Bydgoszcz Ekologia Bydgoszcz Kobieta Bydgoszcz Yes Bydgoszcz Bydgoszcz Polska Warszawa, Krak\u00f3w, \u0141\u00f3d\u017a, Gda\u0144sk, Wroc\u0142aw, Pozna\u0144, Szczecin, Bydgoszcz.<\/p>\n","protected":false},"author":112,"featured_media":0,"parent":0,"menu_order":0,"comment_status":"closed","ping_status":"closed","template":"","meta":{"footnotes":""},"class_list":["post-853","page","type-page","status-publish"],"_links":{"self":[{"href":"https:\/\/city.kyiv-trend.in.ua\/pl\/wp-json\/wp\/v2\/pages\/853","targetHints":{"allow":["GET"]}}],"collection":[{"href":"https:\/\/city.kyiv-trend.in.ua\/pl\/wp-json\/wp\/v2\/pages"}],"about":[{"href":"https:\/\/city.kyiv-trend.in.ua\/pl\/wp-json\/wp\/v2\/types\/page"}],"author":[{"embeddable":true,"href":"https:\/\/city.kyiv-trend.in.ua\/pl\/wp-json\/wp\/v2\/users\/112"}],"replies":[{"embeddable":true,"href":"https:\/\/city.kyiv-trend.in.ua\/pl\/wp-json\/wp\/v2\/comments?post=853"}],"version-history":[{"count":1,"href":"https:\/\/city.kyiv-trend.in.ua\/pl\/wp-json\/wp\/v2\/pages\/853\/revisions"}],"predecessor-version":[{"id":854,"href":"https:\/\/city.kyiv-trend.in.ua\/pl\/wp-json\/wp\/v2\/pages\/853\/revisions\/854"}],"wp:attachment":[{"href":"https:\/\/city.kyiv-trend.in.ua\/pl\/wp-json\/wp\/v2\/media?parent=853"}],"curies":[{"name":"wp","href":"https:\/\/api.w.org\/{rel}","templated":true}]}}